{"id":5,"date":"2019-04-17T14:15:31","date_gmt":"2019-04-17T14:15:31","guid":{"rendered":"http:\/\/ronkin.de\/?page_id=5"},"modified":"2019-04-24T20:44:38","modified_gmt":"2019-04-24T20:44:38","slug":"ueber-uns","status":"publish","type":"page","link":"https:\/\/ronkin.de\/","title":{"rendered":"\u00dcber uns"},"content":{"rendered":"\n<p>Wir sind eine aktuarielle Beratung mit h\u00f6chsten Anspr\u00fcchen an die Qualit\u00e4t unserer Arbeitsergebnisse. Wir fokussieren uns auf unsere Kunden und ihre Bed\u00fcrfnisse, und erarbeiten gemeinsam mit Kunden bedarfsgerechte L\u00f6sungen f\u00fcr ihre Probleme. Dabei profitieren unsere Kunden von unserer Unabh\u00e4ngigkeit, der langj\u00e4hrigen Beratungserfahrung und der hohen fachlichen Kompetenz. <\/p>\n","protected":false},"excerpt":{"rendered":"<p>Wir sind eine aktuarielle Beratung mit h\u00f6chsten Anspr\u00fcchen an die Qualit\u00e4t unserer Arbeitsergebnisse. Wir fokussieren uns auf unsere Kunden und ihre Bed\u00fcrfnisse, und erarbeiten gemeinsam mit Kunden bedarfsgerechte L\u00f6sungen f\u00fcr ihre Probleme. Dabei profitieren unsere Kunden von unserer Unabh\u00e4ngigkeit, der langj\u00e4hrigen Beratungserfahrung und der hohen fachlichen Kompetenz.<\/p>\n","protected":false},"author":1,"featured_media":0,"parent":0,"menu_order":0,"comment_status":"closed","ping_status":"closed","template":"","meta":[],"_links":{"self":[{"href":"https:\/\/ronkin.de\/index.php?rest_route=\/wp\/v2\/pages\/5"}],"collection":[{"href":"https:\/\/ronkin.de\/index.php?rest_route=\/wp\/v2\/pages"}],"about":[{"href":"https:\/\/ronkin.de\/index.php?rest_route=\/wp\/v2\/types\/page"}],"author":[{"embeddable":true,"href":"https:\/\/ronkin.de\/index.php?rest_route=\/wp\/v2\/users\/1"}],"replies":[{"embeddable":true,"href":"https:\/\/ronkin.de\/index.php?rest_route=%2Fwp%2Fv2%2Fcomments&post=5"}],"version-history":[{"count":5,"href":"https:\/\/ronkin.de\/index.php?rest_route=\/wp\/v2\/pages\/5\/revisions"}],"predecessor-version":[{"id":35,"href":"https:\/\/ronkin.de\/index.php?rest_route=\/wp\/v2\/pages\/5\/revisions\/35"}],"wp:attachment":[{"href":"https:\/\/ronkin.de\/index.php?rest_route=%2Fwp%2Fv2%2Fmedia&parent=5"}],"curies":[{"name":"wp","href":"https:\/\/api.w.org\/{rel}","templated":true}]}}