{"id":17,"date":"2019-04-24T19:11:30","date_gmt":"2019-04-24T19:11:30","guid":{"rendered":"http:\/\/ronkin.de\/?page_id=17"},"modified":"2019-04-24T20:49:50","modified_gmt":"2019-04-24T20:49:50","slug":"expertise","status":"publish","type":"page","link":"https:\/\/ronkin.de\/?page_id=17","title":{"rendered":"Expertise"},"content":{"rendered":"\n<p>Wir haben Expertise in vielen aktuariellen Aspekten der Lebens- und Krankenversicherung sowie vielf\u00e4ltige Erfahrung in Risikomanagement und in Unterst\u00fctzung von Transaktionen im M&amp;A-Bereich. Wir arbeiten mit verschiedenen Kunden zusammen &#8211; von gro\u00dfen internationalen Versicherungsgruppen, \u00fcber mittelgro\u00dfe Versicherungsunternehmen bis hin zu Finanzinvestoren.<\/p>\n\n\n\n<p>Die fachlichen Schwerpunkte unserer bisherigen Arbeit beinhalten:<\/p>\n\n\n\n<ul><li>Aktuarielle Due Diligence, Bewertung von Versicherungsunternehmen und Best\u00e4nden, Unterst\u00fctzung von K\u00e4ufern und Verk\u00e4ufern bei M&amp;A-Transaktionen<\/li><li>Entwicklung und Anwendung von aktuariellen (stochastischen) Modellen (Prophet\/RiskAgility\/MoSes\/Excel)<\/li><li>Berechnung und Pr\u00fcfung von Solvency II Ergebnissen (S\u00e4ulen 1&amp;2) und Embedded Values<\/li><li>Berechnung und Pr\u00fcfung von Embedded Value Ergebnissen (TEV\/MCEV)<\/li><li>Aktuarielle HGB Steuerung<\/li><li>Dokumentation und Weiterentwicklung von aktuariellen Prozessen <\/li><\/ul>\n\n\n\n<p><\/p>\n","protected":false},"excerpt":{"rendered":"<p>Wir haben Expertise in vielen aktuariellen Aspekten der Lebens- und Krankenversicherung sowie vielf\u00e4ltige Erfahrung in Risikomanagement und in Unterst\u00fctzung von Transaktionen im M&amp;A-Bereich. Wir arbeiten mit verschiedenen Kunden zusammen &#8211; von gro\u00dfen internationalen Versicherungsgruppen, \u00fcber mittelgro\u00dfe Versicherungsunternehmen bis hin zu Finanzinvestoren. Die fachlichen Schwerpunkte unserer bisherigen Arbeit beinhalten: Aktuarielle Due Diligence, Bewertung von Versicherungsunternehmen und [&hellip;]<\/p>\n","protected":false},"author":1,"featured_media":0,"parent":0,"menu_order":0,"comment_status":"closed","ping_status":"closed","template":"","meta":[],"_links":{"self":[{"href":"https:\/\/ronkin.de\/index.php?rest_route=\/wp\/v2\/pages\/17"}],"collection":[{"href":"https:\/\/ronkin.de\/index.php?rest_route=\/wp\/v2\/pages"}],"about":[{"href":"https:\/\/ronkin.de\/index.php?rest_route=\/wp\/v2\/types\/page"}],"author":[{"embeddable":true,"href":"https:\/\/ronkin.de\/index.php?rest_route=\/wp\/v2\/users\/1"}],"replies":[{"embeddable":true,"href":"https:\/\/ronkin.de\/index.php?rest_route=%2Fwp%2Fv2%2Fcomments&post=17"}],"version-history":[{"count":3,"href":"https:\/\/ronkin.de\/index.php?rest_route=\/wp\/v2\/pages\/17\/revisions"}],"predecessor-version":[{"id":38,"href":"https:\/\/ronkin.de\/index.php?rest_route=\/wp\/v2\/pages\/17\/revisions\/38"}],"wp:attachment":[{"href":"https:\/\/ronkin.de\/index.php?rest_route=%2Fwp%2Fv2%2Fmedia&parent=17"}],"curies":[{"name":"wp","href":"https:\/\/api.w.org\/{rel}","templated":true}]}}