{"id":15,"date":"2019-04-24T19:12:19","date_gmt":"2019-04-24T19:12:19","guid":{"rendered":"http:\/\/ronkin.de\/?page_id=15"},"modified":"2019-04-24T20:53:04","modified_gmt":"2019-04-24T20:53:04","slug":"mitarbeiter","status":"publish","type":"page","link":"https:\/\/ronkin.de\/?page_id=15","title":{"rendered":"Mitarbeiter"},"content":{"rendered":"\n<p><\/p>\n\n\n\n<p>Dr. Igor Ronkin ist Gr\u00fcnder und Gesch\u00e4ftsf\u00fchrer der Ronkin Consulting GmbH. Er ist seit 2009 t\u00e4tig als Aktuar, zun\u00e4chst im Aktuariat einer gro\u00dfen deutschen Lebensversicherungsgesellschaft, sp\u00e4ter bei einer gro\u00dfen Beratungs- und Wirtschaftspr\u00fcfungsgesellschaft. 2018 entschied er sich f\u00fcr die unabh\u00e4ngige aktuarielle Beratung, die ihm volle Flexibilit\u00e4t bei maximaler Kundenorientierung erm\u00f6glicht. <\/p>\n\n\n\n<p>Dr. Igor Ronkin ist promovierter Mathematiker und Mitglied der Deutschen Aktuarvereinigung DAV. Zus\u00e4tzlich ist er qualifiziert als CERA (Certified Enterprise Risk Actuary).<\/p>\n","protected":false},"excerpt":{"rendered":"<p>Dr. Igor Ronkin ist Gr\u00fcnder und Gesch\u00e4ftsf\u00fchrer der Ronkin Consulting GmbH. Er ist seit 2009 t\u00e4tig als Aktuar, zun\u00e4chst im Aktuariat einer gro\u00dfen deutschen Lebensversicherungsgesellschaft, sp\u00e4ter bei einer gro\u00dfen Beratungs- und Wirtschaftspr\u00fcfungsgesellschaft. 2018 entschied er sich f\u00fcr die unabh\u00e4ngige aktuarielle Beratung, die ihm volle Flexibilit\u00e4t bei maximaler Kundenorientierung erm\u00f6glicht. Dr. Igor Ronkin ist promovierter Mathematiker [&hellip;]<\/p>\n","protected":false},"author":1,"featured_media":0,"parent":0,"menu_order":0,"comment_status":"closed","ping_status":"closed","template":"","meta":[],"_links":{"self":[{"href":"https:\/\/ronkin.de\/index.php?rest_route=\/wp\/v2\/pages\/15"}],"collection":[{"href":"https:\/\/ronkin.de\/index.php?rest_route=\/wp\/v2\/pages"}],"about":[{"href":"https:\/\/ronkin.de\/index.php?rest_route=\/wp\/v2\/types\/page"}],"author":[{"embeddable":true,"href":"https:\/\/ronkin.de\/index.php?rest_route=\/wp\/v2\/users\/1"}],"replies":[{"embeddable":true,"href":"https:\/\/ronkin.de\/index.php?rest_route=%2Fwp%2Fv2%2Fcomments&post=15"}],"version-history":[{"count":5,"href":"https:\/\/ronkin.de\/index.php?rest_route=\/wp\/v2\/pages\/15\/revisions"}],"predecessor-version":[{"id":41,"href":"https:\/\/ronkin.de\/index.php?rest_route=\/wp\/v2\/pages\/15\/revisions\/41"}],"wp:attachment":[{"href":"https:\/\/ronkin.de\/index.php?rest_route=%2Fwp%2Fv2%2Fmedia&parent=15"}],"curies":[{"name":"wp","href":"https:\/\/api.w.org\/{rel}","templated":true}]}}