{"id":10,"date":"2019-04-24T19:08:01","date_gmt":"2019-04-24T19:08:01","guid":{"rendered":"http:\/\/ronkin.de\/?page_id=10"},"modified":"2019-04-24T19:08:01","modified_gmt":"2019-04-24T19:08:01","slug":"datenschutz","status":"publish","type":"page","link":"https:\/\/ronkin.de\/?page_id=10","title":{"rendered":"Datenschutz"},"content":{"rendered":"\n<h3>Verantwortliche Stelle<\/h3>\n\n\n\n<p>Die Verantwortliche Stelle im Sinne des Bundesdatenschutzgesetzes (BDSG) f\u00fcr die Erhebung, Verarbeitung und Nutzung Ihrer personenbezogenen Daten ist die Ronkin Consulting GmbH, Speyerer Str. 6, 80804 M\u00fcnchen. Folgende Informationen stellen die Erhebung, Verarbeitung und Nutzung Ihrer Daten beim Besuch unserer Webseite dar.<\/p>\n\n\n\n<h3>Datenschutz<\/h3>\n\n\n\n<p>Die Betreiber dieser Seiten nehmen den Schutz Ihrer pers\u00f6nlichen Daten sehr ernst. Wir behandeln Ihre personenbezogenen Daten vertraulich und entsprechend der gesetzlichen Datenschutzvorschriften sowie dieser Datenschutzerkl\u00e4rung.<\/p>\n\n\n\n<p>Die Nutzung unserer Webseite ist in der Regel ohne Angabe personenbezogener Daten m\u00f6glich. Soweit auf unseren Seiten personenbezogene Daten (beispielsweise Name, Anschrift oder E-Mail-Adressen) erhoben werden, erfolgt dies, soweit m\u00f6glich, stets auf freiwilliger Basis. Diese Daten werden ohne Ihre ausdr\u00fcckliche Zustimmung nicht an Dritte weitergegeben.<\/p>\n\n\n\n<p>Wir weisen darauf hin, dass die Daten\u00fcbertragung im Internet (z.B. bei der Kommunikation per E-Mail) Sicherheitsl\u00fccken aufweisen kann. Ein l\u00fcckenloser Schutz der Daten vor dem Zugriff durch Dritte ist nicht m\u00f6glich.<\/p>\n\n\n\n<h3>Server-Log-Files<\/h3>\n\n\n\n<p>Der Provider der Seiten erhebt und speichert automatisch Informationen in so genannten Server-Log Files, die Ihr Browser automatisch an uns \u00fcbermittelt. Dies sind:<\/p>\n\n\n\n<ul><li>Browsertyp\/ Browserversion<\/li><li>verwendetes Betriebssystem<\/li><li>Referrer URL<\/li><li>Hostname bzw. IP-Adresse des zugreifenden Rechners<\/li><li>Uhrzeit der Serveranfrage<\/li><\/ul>\n\n\n\n<p>Diese Daten sind zun\u00e4chst nicht bestimmten Personen zuordenbar. Eine Zusammenf\u00fchrung dieser Daten mit anderen Datenquellen wird nicht vorgenommen. Wir behalten uns vor, diese Daten nachtr\u00e4glich zu pr\u00fcfen, wenn uns konkrete Anhaltspunkte f\u00fcr eine missbr\u00e4uchliche oder rechtswidrige Nutzung bekannt werden.<\/p>\n\n\n\n<h3>Kontaktformular<\/h3>\n\n\n\n<p>Wenn Sie uns per Kontaktformular Anfragen zukommen lassen, werden Ihre Angaben aus dem Anfrageformular inklusive der von Ihnen dort angegebenen Kontaktdaten zwecks Bearbeitung der Anfrage und f\u00fcr den Fall von Anschlussfragen bei uns gespeichert. Diese Daten geben wir nicht ohne Ihre Einwilligung weiter.<\/p>\n\n\n\n<h3>Auskunft, Widerruf, und L\u00f6schung<\/h3>\n\n\n\n<p>Sie haben gem\u00e4\u00df Bundesdatenschutzgesetz folgende Rechte, die Sie unentgeltlich wahrnehmen k\u00f6nnen:<\/p>\n\n\n\n<ul><li>Das Recht auf Auskunft \u00fcber Ihre Gespeicherten Daten sowie zur Erhebung, Verarbeitung und Nutzung.<\/li><li>Das Recht auf Berichtigung, L\u00f6schung bzw. Sperrung Ihrer pers\u00f6nlichen Daten, sofern diesem keine Gesetzliche Aufbewahrungspflicht entgegensteht.<\/li><li>Ebenso k\u00f6nnen Sie eine erteilte Einwilligung widerrufen.<\/li><\/ul>\n\n\n\n<p>Sehr gerne stehen wir Ihnen auch f\u00fcr weitergehende Fragen zur Verf\u00fcgung. Zur Wahrnehmung Ihrer Rechte wenden Sie sich bitte per Brief an die Ronkin Consulting GmbH, Speyerer Str. 6, 80804 M\u00fcnchen. <\/p>\n","protected":false},"excerpt":{"rendered":"<p>Verantwortliche Stelle Die Verantwortliche Stelle im Sinne des Bundesdatenschutzgesetzes (BDSG) f\u00fcr die Erhebung, Verarbeitung und Nutzung Ihrer personenbezogenen Daten ist die Ronkin Consulting GmbH, Speyerer Str. 6, 80804 M\u00fcnchen. Folgende Informationen stellen die Erhebung, Verarbeitung und Nutzung Ihrer Daten beim Besuch unserer Webseite dar. Datenschutz Die Betreiber dieser Seiten nehmen den Schutz Ihrer pers\u00f6nlichen Daten [&hellip;]<\/p>\n","protected":false},"author":1,"featured_media":0,"parent":0,"menu_order":0,"comment_status":"closed","ping_status":"closed","template":"","meta":[],"_links":{"self":[{"href":"https:\/\/ronkin.de\/index.php?rest_route=\/wp\/v2\/pages\/10"}],"collection":[{"href":"https:\/\/ronkin.de\/index.php?rest_route=\/wp\/v2\/pages"}],"about":[{"href":"https:\/\/ronkin.de\/index.php?rest_route=\/wp\/v2\/types\/page"}],"author":[{"embeddable":true,"href":"https:\/\/ronkin.de\/index.php?rest_route=\/wp\/v2\/users\/1"}],"replies":[{"embeddable":true,"href":"https:\/\/ronkin.de\/index.php?rest_route=%2Fwp%2Fv2%2Fcomments&post=10"}],"version-history":[{"count":2,"href":"https:\/\/ronkin.de\/index.php?rest_route=\/wp\/v2\/pages\/10\/revisions"}],"predecessor-version":[{"id":45,"href":"https:\/\/ronkin.de\/index.php?rest_route=\/wp\/v2\/pages\/10\/revisions\/45"}],"wp:attachment":[{"href":"https:\/\/ronkin.de\/index.php?rest_route=%2Fwp%2Fv2%2Fmedia&parent=10"}],"curies":[{"name":"wp","href":"https:\/\/api.w.org\/{rel}","templated":true}]}}